{"id":10338,"date":"2019-03-13T17:22:46","date_gmt":"2019-03-13T16:22:46","guid":{"rendered":"https:\/\/veglio.parcoavventura.it\/compleanni\/"},"modified":"2021-05-01T16:06:29","modified_gmt":"2021-05-01T14:06:29","slug":"birthdays","status":"publish","type":"page","link":"https:\/\/veglio.parcoavventura.it\/en\/birthdays\/","title":{"rendered":"Birthdays"},"content":{"rendered":"<h2><span style=\"color: #5ea032;\">Birthdays for children and guys<br \/>\n<\/span><\/h2>\n<p>If you\u2019re organizing a<strong> birthday party<\/strong> for a <strong>group of kids or young guys,<\/strong> then <strong>Adventure Park<\/strong> is the place to be!<\/p>\n<p><strong>Discounted entry with 2\u00a0packages to choose from.<\/strong><\/p>\n<h2><strong><span style=\"color: #5ea032;\">Easy package for 8 children:<\/span> <\/strong><\/h2>\n<p><a href=\"https:\/\/veglio.parcoavventura.it\/prodotto\/festa-di-compleanno\/\"><img loading=\"lazy\" decoding=\"async\" class=\"wp-image-10123 size-full alignright\" src=\"https:\/\/veglio.parcoavventura.it\/wp-content\/uploads\/compleanni_button_2021.png\" alt=\"\" width=\"300\" height=\"210\" \/><\/a>&#8211; <strong>3 hour session on our Adventure Park routes <\/strong>(limited to hight and age)<br \/>\n&#8211; <strong>reserved table<\/strong> with plates, napkins, cups, tablecloth, candles and swags<br \/>\n&#8211; <strong>mineral water, soft drinks, chips, popcorn\u2026 x8 kids<\/strong><br \/>\n<span style=\"line-height: 1.5;\">&#8211; possibility to holding the cake in our fridge (max 2kg)<br \/>\n<\/span>&#8211;\u00a0<strong>1 t-shirt Parcoavventura.it<\/strong> for the birthday child<\/p>\n<h3><strong>Extra<\/strong>:<\/h3>\n<p>&#8211; add 1 child (courses + beverage\/food) \u00bb <strong>+ \u20ac 18\/cad<\/strong>.<br \/>\n&#8211; add 1 child only beverage\/food and Mini Junior Area (3-5y) \u00bb <strong>+ \u20ac 6\/cad<\/strong>.<\/p>\n<p>&nbsp;<\/p>\n<hr style=\"border: 1px solid #5ea032;\" \/>\n<p><strong>Free download our personalize invitation \u00bb <\/strong><a href=\"https:\/\/veglio.parcoavventura.it\/wp-content\/uploads\/Invito-Compleanni-Veglio.pdf\">Invitation Veglio<\/a><\/p>\n<p>&nbsp;<\/p>\n<h2><span style=\"color: #5ea032;\">Birthday for everybody<br \/>\n<\/span><\/h2>\n<p><a href=\"https:\/\/veglio.parcoavventura.it\/acquista-online\/\"><img loading=\"lazy\" decoding=\"async\" class=\"size-medium wp-image-1155 alignright\" style=\"margin-left: 50px;\" src=\"https:\/\/veglio.parcoavventura.it\/wp-content\/uploads\/compleanni_button2_2019.png\" alt=\"\" width=\"300\" height=\"90\" \/><\/a><\/p>\n<p>Would you like to be free to celebrate your birthday without a special package?<\/p>\n<p>Only book your activity and you will have a special price!<\/p>\n<p>Con la prenotazione, obbligatoria per i gruppi, avrai uno speciale sconto sui biglietti di ingresso:<\/p>\n<p>&#8211; Junior Ticket (minor 13 y): <span style=\"color: #ff0000;\"><strong>\u20ac<\/strong> <\/span><strong><span style=\"color: #ff0000;\">14,00<\/span> <\/strong>intestead of \u20ac 15,00\u00a0<strong><br \/>\n<\/strong>&#8211; Adult Ticket: <strong><span style=\"color: #ff0000;\">\u20ac 20,00<\/span><\/strong> instead of \u20ac 22,00<\/p>\n<h2><span style=\"color: #5ea032;\">How<strong> do I book?<\/strong><\/span><\/h2>\n<p>Secure your booking online through our website! Payment is required at time of booking.<\/p>\n<p><strong>For groups of 16 or more<\/strong>, your booking will instead be received as <strong>a request only <\/strong>and our team will call to confirm the reservation. Please fill the form:<\/p>\n\n<div class=\"wpcf7 no-js\" id=\"wpcf7-f2565-o1\" lang=\"it-IT\" dir=\"ltr\" data-wpcf7-id=\"2565\">\n<div class=\"screen-reader-response\"><p role=\"status\" aria-live=\"polite\" aria-atomic=\"true\"><\/p> <ul><\/ul><\/div>\n<form action=\"\/en\/wp-json\/wp\/v2\/pages\/10338#wpcf7-f2565-o1\" method=\"post\" class=\"wpcf7-form init\" aria-label=\"Modulo di contatto\" novalidate=\"novalidate\" data-status=\"init\">\n<fieldset class=\"hidden-fields-container\"><input type=\"hidden\" name=\"_wpcf7\" value=\"2565\" \/><input type=\"hidden\" name=\"_wpcf7_version\" value=\"6.1.5\" \/><input type=\"hidden\" name=\"_wpcf7_locale\" value=\"it_IT\" \/><input type=\"hidden\" name=\"_wpcf7_unit_tag\" value=\"wpcf7-f2565-o1\" \/><input type=\"hidden\" name=\"_wpcf7_container_post\" value=\"0\" \/><input type=\"hidden\" name=\"_wpcf7_posted_data_hash\" value=\"\" \/><input type=\"hidden\" name=\"_wpcf7_recaptcha_response\" value=\"\" \/>\n<\/fieldset>\n<p class=\"col-xs-12\"><em>I campi con (*) sono obbligatori<\/em>\n<\/p>\n<p class=\"col-xs-12 col-sm-6 required\"><br \/>\n<label>Nome *<\/label><br \/>\n<span class=\"wpcf7-form-control-wrap\" data-name=\"your-name\"><input size=\"40\" maxlength=\"400\" class=\"wpcf7-form-control wpcf7-text wpcf7-validates-as-required\" aria-required=\"true\" aria-invalid=\"false\" value=\"\" type=\"text\" name=\"your-name\" \/><\/span>\n<\/p>\n<p class=\"col-xs-12 col-sm-6 required\"><br \/>\n<label>Cognome *<\/label><br \/>\n<span class=\"wpcf7-form-control-wrap\" data-name=\"your-surname\"><input size=\"40\" maxlength=\"400\" class=\"wpcf7-form-control wpcf7-text wpcf7-validates-as-required\" aria-required=\"true\" aria-invalid=\"false\" value=\"\" type=\"text\" name=\"your-surname\" \/><\/span>\n<\/p>\n<p class=\"col-xs-12 col-sm-6 required\"><br \/>\n<label>Email *<\/label><br \/>\n<span class=\"wpcf7-form-control-wrap\" data-name=\"your-email\"><input size=\"40\" maxlength=\"400\" class=\"wpcf7-form-control wpcf7-email wpcf7-validates-as-required wpcf7-text wpcf7-validates-as-email\" aria-required=\"true\" aria-invalid=\"false\" value=\"\" type=\"email\" name=\"your-email\" \/><\/span>\n<\/p>\n<p class=\"col-xs-12 col-sm-6\"><br \/>\n<label>Provincia di provenienza<\/label><br \/>\n<span class=\"wpcf7-form-control-wrap\" data-name=\"provincia\"><select class=\"wpcf7-form-control wpcf7-select\" aria-invalid=\"false\" name=\"provincia\"><option value=\"\">&#8212;Seleziona un&#039;opzione&#8212;<\/option><option value=\"Agrigento\">Agrigento<\/option><option value=\"Alessandria\">Alessandria<\/option><option value=\"Ancona\">Ancona<\/option><option value=\"Aosta\">Aosta<\/option><option value=\"Arezzo\">Arezzo<\/option><option value=\"Ascoli Piceno\">Ascoli Piceno<\/option><option value=\"Asti\">Asti<\/option><option value=\"Avellino\">Avellino<\/option><option value=\"Bari\">Bari<\/option><option value=\"Barletta-Andria-Trani\">Barletta-Andria-Trani<\/option><option value=\"Belluno\">Belluno<\/option><option value=\"Benevento\">Benevento<\/option><option value=\"Bergamo\">Bergamo<\/option><option value=\"Biella\">Biella<\/option><option value=\"Bologna\">Bologna<\/option><option value=\"Bolzano\">Bolzano<\/option><option value=\"Brescia\">Brescia<\/option><option value=\"Brindisi\">Brindisi<\/option><option value=\"Cagliari\">Cagliari<\/option><option value=\"Caltanissetta\">Caltanissetta<\/option><option value=\"Campobasso\">Campobasso<\/option><option value=\"Carbonia-iglesias\">Carbonia-iglesias<\/option><option value=\"Caserta\">Caserta<\/option><option value=\"Catania\">Catania<\/option><option value=\"Catanzaro\">Catanzaro<\/option><option value=\"Chieti\">Chieti<\/option><option value=\"Como\">Como<\/option><option value=\"Cosenza\">Cosenza<\/option><option value=\"Cremona\">Cremona<\/option><option value=\"Crotone\">Crotone<\/option><option value=\"Cuneo\">Cuneo<\/option><option value=\"Enna\">Enna<\/option><option value=\"Fermo\">Fermo<\/option><option value=\"Ferrara\">Ferrara<\/option><option value=\"Firenze\">Firenze<\/option><option value=\"Foggia\">Foggia<\/option><option value=\"Forl&igrave;-Cesena\">Forl&igrave;-Cesena<\/option><option value=\"Frosinone\">Frosinone<\/option><option value=\"Genova\">Genova<\/option><option value=\"Gorizia\">Gorizia<\/option><option value=\"Grosseto\">Grosseto<\/option><option value=\"Imperia\">Imperia<\/option><option value=\"Isernia\">Isernia<\/option><option value=\"La spezia\">La spezia<\/option><option value=\"L&#039;aquila\">L&#039;aquila<\/option><option value=\"Latina\">Latina<\/option><option value=\"Lecce\">Lecce<\/option><option value=\"Lecco\">Lecco<\/option><option value=\"Livorno\">Livorno<\/option><option value=\"Lodi\">Lodi<\/option><option value=\"Lucca\">Lucca<\/option><option value=\"Macerata\">Macerata<\/option><option value=\"Mantova\">Mantova<\/option><option value=\"Massa-Carrara\">Massa-Carrara<\/option><option value=\"Matera\">Matera<\/option><option value=\"Medio Campidano\">Medio Campidano<\/option><option value=\"Messina\">Messina<\/option><option value=\"Milano\">Milano<\/option><option value=\"Modena\">Modena<\/option><option value=\"Monza e della Brianza\">Monza e della Brianza<\/option><option value=\"Napoli\">Napoli<\/option><option value=\"Novara\">Novara<\/option><option value=\"Nuoro\">Nuoro<\/option><option value=\"Ogliastra\">Ogliastra<\/option><option value=\"Olbia-Tempio\">Olbia-Tempio<\/option><option value=\"Oristano\">Oristano<\/option><option value=\"Padova\">Padova<\/option><option value=\"Palermo\">Palermo<\/option><option value=\"Parma\">Parma<\/option><option value=\"Pavia\">Pavia<\/option><option value=\"Perugia\">Perugia<\/option><option value=\"Pesaro e Urbino\">Pesaro e Urbino<\/option><option value=\"Pescara\">Pescara<\/option><option value=\"Piacenza\">Piacenza<\/option><option value=\"Pisa\">Pisa<\/option><option value=\"Pistoia\">Pistoia<\/option><option value=\"Pordenone\">Pordenone<\/option><option value=\"Potenza\">Potenza<\/option><option value=\"Prato\">Prato<\/option><option value=\"Ragusa\">Ragusa<\/option><option value=\"Ravenna\">Ravenna<\/option><option value=\"Reggio di Calabria\">Reggio di Calabria<\/option><option value=\"Reggio nell&#039;Emilia\">Reggio nell&#039;Emilia<\/option><option value=\"Rieti\">Rieti<\/option><option value=\"Rimini\">Rimini<\/option><option value=\"Roma\">Roma<\/option><option value=\"Rovigo\">Rovigo<\/option><option value=\"Salerno\">Salerno<\/option><option value=\"Sassari\">Sassari<\/option><option value=\"Savona\">Savona<\/option><option value=\"Siena\">Siena<\/option><option value=\"Siracusa\">Siracusa<\/option><option value=\"Sondrio\">Sondrio<\/option><option value=\"Taranto\">Taranto<\/option><option value=\"Teramo\">Teramo<\/option><option value=\"Terni\">Terni<\/option><option value=\"Torino\">Torino<\/option><option value=\"Trapani\">Trapani<\/option><option value=\"Trento\">Trento<\/option><option value=\"Treviso\">Treviso<\/option><option value=\"Trieste\">Trieste<\/option><option value=\"Udine\">Udine<\/option><option value=\"Varese\">Varese<\/option><option value=\"Venezia\">Venezia<\/option><option value=\"Verbano-Cusio-Ossola\">Verbano-Cusio-Ossola<\/option><option value=\"Vercelli\">Vercelli<\/option><option value=\"Verona\">Verona<\/option><option value=\"Vibo valentia\">Vibo valentia<\/option><option value=\"Vicenza\">Vicenza<\/option><option value=\"Viterbo\">Viterbo<\/option><\/select><\/span>\n<\/p>\n<p class=\"col-xs-12 col-sm-6 required\"><br \/>\n<label>Cellulare *<\/label><br \/>\n<span class=\"wpcf7-form-control-wrap\" data-name=\"Cellulare\"><input size=\"40\" maxlength=\"400\" class=\"wpcf7-form-control wpcf7-text wpcf7-validates-as-required\" aria-required=\"true\" aria-invalid=\"false\" value=\"\" type=\"text\" name=\"Cellulare\" \/><\/span>\n<\/p>\n<p class=\"col-xs-12 col-sm-6 required\"><br \/>\n<label>N\u00b0 di persone *<\/label><br \/>\n<span class=\"wpcf7-form-control-wrap\" data-name=\"Persone-Parco\"><select class=\"wpcf7-form-control wpcf7-select wpcf7-validates-as-required\" aria-required=\"true\" aria-invalid=\"false\" name=\"Persone-Parco\"><option value=\"1 persona\">1 persona<\/option><option value=\"2 persone\">2 persone<\/option><option value=\"3 persone\">3 persone<\/option><option value=\"4 persone\">4 persone<\/option><option value=\"5 persone\">5 persone<\/option><option value=\"6 persone\">6 persone<\/option><option value=\"7 persone\">7 persone<\/option><option value=\"8 persone\">8 persone<\/option><option value=\"9 persone\">9 persone<\/option><option value=\"10 persone\">10 persone<\/option><option value=\"11 persone\">11 persone<\/option><option value=\"12 persone\">12 persone<\/option><option value=\"13 persone\">13 persone<\/option><option value=\"14 persone\">14 persone<\/option><option value=\"15 persone\">15 persone<\/option><option value=\"16 persone\">16 persone<\/option><option value=\"17 persone\">17 persone<\/option><option value=\"18 persone\">18 persone<\/option><option value=\"19 persone\">19 persone<\/option><option value=\"20 persone\">20 persone<\/option><option value=\"30 persone\">30 persone<\/option><\/select><\/span>\n<\/p>\n<p class=\"col-xs-12 col-sm-6 required\"><br \/>\n<label>Indica il giorno del tuo ingresso al Parco Avventura *<\/label><br \/>\n<span class=\"wpcf7-form-control-wrap\" data-name=\"data-parco\"><input class=\"wpcf7-form-control wpcf7-date wpcf7-validates-as-required wpcf7-validates-as-date\" aria-required=\"true\" aria-invalid=\"false\" value=\"\" type=\"date\" name=\"data-parco\" \/><\/span>\n<\/p>\n<p class=\"col-xs-12 col-sm-6 required\"><br \/>\n<label>Scegli il tuo orario di check-in al Parco Avventura *<\/label><br \/>\n<span class=\"wpcf7-form-control-wrap\" data-name=\"orario-parco\"><select class=\"wpcf7-form-control wpcf7-select\" aria-invalid=\"false\" name=\"orario-parco\"><option value=\"\">&#8212;Seleziona un&#039;opzione&#8212;<\/option><option value=\"ore 10,00\">ore 10,00<\/option><option value=\"ore 10,30\">ore 10,30<\/option><option value=\"ore 11,00\">ore 11,00<\/option><option value=\"ore 11,30\">ore 11,30<\/option><option value=\"ore 12,00\">ore 12,00<\/option><option value=\"ore 12,30\">ore 12,30<\/option><option value=\"ore 13,00\">ore 13,00<\/option><option value=\"ore 13,30\">ore 13,30<\/option><option value=\"ore 14,00\">ore 14,00<\/option><option value=\"ore 14,30\">ore 14,30<\/option><option value=\"ore 15,00\">ore 15,00<\/option><option value=\"ore 15,30\">ore 15,30<\/option><option value=\"ore 16,00\">ore 16,00<\/option><option value=\"ore 16,30\">ore 16,30<\/option><option value=\"ore 17,00\">ore 17,00<\/option><\/select><\/span>\n<\/p>\n<p class=\"col-xs-12\"><br \/>\n<label>Per la tua pausa pranzo o il tuo break \u00e8 disponibile la <a href=\"https:\/\/veglio.parcoavventura.it\/la-bottega-del-dahu\/\" target=\"_blank\">Bottega del Dahu<\/a><\/label><br \/>\nSei interessato <em style=\"font-weight: normal;\">(senza impegno, solo a fini statistici)<\/em>?&nbsp; <span class=\"wpcf7-form-control-wrap\" data-name=\"bottega\"><span class=\"wpcf7-form-control wpcf7-radio\"><span class=\"wpcf7-list-item first\"><input type=\"radio\" name=\"bottega\" value=\"S\u00ec\" \/><span class=\"wpcf7-list-item-label\">S\u00ec<\/span><\/span><span class=\"wpcf7-list-item last\"><input type=\"radio\" name=\"bottega\" value=\"No\" \/><span class=\"wpcf7-list-item-label\">No<\/span><\/span><\/span><\/span>\n<\/p>\n<p class=\"col-xs-12\">&nbsp;\n<\/p>\n<p class=\"col-xs-12\"><br \/>\n<label>Se hai un voucher regalo inviacelo direttamente con questa form <em style=\"font-weight: normal;\"> (solo file Jpg, Png, Pdf)<\/em><\/label><br \/>\n<span class=\"wpcf7-form-control-wrap\" data-name=\"voucher-doc-multi\"><input size=\"40\" class=\"wpcf7-form-control wpcf7-drag-n-drop-file d-none file-upload-multi\" id=\"voucher-doc-upload-multi\" aria-invalid=\"false\" type=\"file\" multiple=\"multiple\" data-name=\"voucher-doc-multi\" data-type=\"jpg|png|pdf\" data-limit=\"2000000\" data-id=\"2565\" data-version=\"free version 1.3.9.6\" accept=\".jpg, .png, .pdf\" \/><\/span>\n<\/p>\n<p class=\"col-xs-12\"><br \/>\n<label>Eventuali note <em style=\"font-weight: normal;\">(specifica per esempio se possiedi un Voucher regalo e inviacelo in seguito via e-mail)<\/em><\/label><br \/>\n<span class=\"wpcf7-form-control-wrap\" data-name=\"note\"><textarea cols=\"40\" rows=\"10\" maxlength=\"2000\" class=\"wpcf7-form-control wpcf7-textarea\" aria-invalid=\"false\" name=\"note\"><\/textarea><\/span>\n<\/p>\n<p class=\"col-xs-12\"><br \/>\n<span class=\"wpcf7-form-control-wrap\" data-name=\"condizioni-vendita\"><span class=\"wpcf7-form-control wpcf7-acceptance\"><span class=\"wpcf7-list-item\"><input type=\"checkbox\" name=\"condizioni-vendita\" value=\"1\" aria-invalid=\"false\" \/><\/span><\/span><\/span><label>Ho letto e approvo le <a href=\"https:\/\/veglio.parcoavventura.it\/condizioni-di-vendita\/\" target=\"_blank\"><strong>Condizioni di Vendita<\/strong><\/a> *<\/label>\n<\/p>\n<p class=\"col-xs-12\"><br \/>\n<label style=\"font-weight: normal;\"><br \/>\nAi sensi del D.Lgs. 30\/06\/2003 n. 196 sulla protezione dei dati personali, autorizzo Exploring Outdoor srl al trattamento delle informazioni inserite, che saranno utilizzate esclusivamente per comunicazioni, aggiornamenti e servizi di promozione relativi alle attivit\u00e0 della stessa azienda. I dati potranno essere comunicati a Societ\u00e0 che svolgono funzioni necessarie a questo scopo e in ogni momento sar\u00e0 possibile ottenerne la cancellazione o la modifica, facendone esplicita richiesta. Il Responsabile del trattamento \u00e8 Exploring Outdoor srl nella persona del legale rappresentante.<br \/>\n<\/label><br \/>\n<span class=\"wpcf7-form-control-wrap\" data-name=\"accetta-disclaimer\"><span class=\"wpcf7-form-control wpcf7-acceptance\"><span class=\"wpcf7-list-item\"><input type=\"checkbox\" name=\"accetta-disclaimer\" value=\"1\" aria-invalid=\"false\" \/><\/span><\/span><\/span><label>Clicca per accettare.<\/label>\n<\/p>\n<p class=\"col-xs-12 submit\"><br \/>\n<input class=\"wpcf7-form-control wpcf7-submit has-spinner\" type=\"submit\" value=\"Invia la tua richiesta \u00bb\" \/>\n<\/p><div class=\"wpcf7-response-output\" aria-hidden=\"true\"><\/div>\n<\/form>\n<\/div>\n\n<p>&nbsp;<\/p>\n<p>&nbsp;<\/p>\n","protected":false},"excerpt":{"rendered":"<p>Birthdays for children and guys If you\u2019re organizing a birthday party for a group of kids or young guys, then Adventure Park is the place to be! Discounted entry with 2\u00a0packages to choose from. Easy package for 8 children: &#8211; 3 hour session on our Adventure Park routes (limited to hight and age) &#8211; reserved [&hellip;]<\/p>\n","protected":false},"author":13,"featured_media":10340,"parent":0,"menu_order":0,"comment_status":"closed","ping_status":"closed","template":"page-full-col.php","meta":{"_acf_changed":false,"footnotes":""},"class_list":["post-10338","page","type-page","status-publish","has-post-thumbnail","hentry"],"acf":[],"yoast_head":"<!-- This site is optimized with the Yoast SEO plugin v27.4 - https:\/\/yoast.com\/product\/yoast-seo-wordpress\/ -->\n<title>Birthdays - Parco Avventura Veglio<\/title>\n<meta name=\"description\" content=\"If you\u2019re organizing a birthday party for a group of kids or young guys, then Adventure Park is the place to be!\" \/>\n<meta name=\"robots\" content=\"index, follow, max-snippet:-1, max-image-preview:large, max-video-preview:-1\" \/>\n<link rel=\"canonical\" href=\"https:\/\/veglio.parcoavventura.it\/en\/birthdays\/\" \/>\n<meta property=\"og:locale\" content=\"en_US\" \/>\n<meta property=\"og:type\" content=\"article\" \/>\n<meta property=\"og:title\" content=\"Birthdays - Parco Avventura Veglio\" \/>\n<meta property=\"og:description\" content=\"If you\u2019re organizing a birthday party for a group of kids or young guys, then Adventure Park is the place to be!\" \/>\n<meta property=\"og:url\" content=\"https:\/\/veglio.parcoavventura.it\/en\/birthdays\/\" \/>\n<meta property=\"og:site_name\" content=\"Parco Avventura Veglio\" \/>\n<meta property=\"article:modified_time\" content=\"2021-05-01T14:06:29+00:00\" \/>\n<meta property=\"og:image\" content=\"https:\/\/vegliopa.gedinfo.com\/wp-content\/uploads\/48527175426_2da57ba219_o.jpg\" \/>\n\t<meta property=\"og:image:width\" content=\"2196\" \/>\n\t<meta property=\"og:image:height\" content=\"1188\" \/>\n\t<meta property=\"og:image:type\" content=\"image\/jpeg\" \/>\n<meta name=\"twitter:card\" content=\"summary_large_image\" \/>\n<meta name=\"twitter:label1\" content=\"Est. reading time\" \/>\n\t<meta name=\"twitter:data1\" content=\"2 minutes\" \/>\n<script type=\"application\/ld+json\" class=\"yoast-schema-graph\">{\"@context\":\"https:\\\/\\\/schema.org\",\"@graph\":[{\"@type\":\"WebPage\",\"@id\":\"https:\\\/\\\/veglio.parcoavventura.it\\\/en\\\/birthdays\\\/\",\"url\":\"https:\\\/\\\/veglio.parcoavventura.it\\\/en\\\/birthdays\\\/\",\"name\":\"Birthdays - Parco Avventura Veglio\",\"isPartOf\":{\"@id\":\"https:\\\/\\\/vegliopa.gedinfo.com\\\/#website\"},\"primaryImageOfPage\":{\"@id\":\"https:\\\/\\\/veglio.parcoavventura.it\\\/en\\\/birthdays\\\/#primaryimage\"},\"image\":{\"@id\":\"https:\\\/\\\/veglio.parcoavventura.it\\\/en\\\/birthdays\\\/#primaryimage\"},\"thumbnailUrl\":\"https:\\\/\\\/veglio.parcoavventura.it\\\/wp-content\\\/uploads\\\/48527175426_2da57ba219_o.jpg\",\"datePublished\":\"2019-03-13T16:22:46+00:00\",\"dateModified\":\"2021-05-01T14:06:29+00:00\",\"description\":\"If you\u2019re organizing a birthday party for a group of kids or young guys, then Adventure Park is the place to be!\",\"breadcrumb\":{\"@id\":\"https:\\\/\\\/veglio.parcoavventura.it\\\/en\\\/birthdays\\\/#breadcrumb\"},\"inLanguage\":\"en-US\",\"potentialAction\":[{\"@type\":\"ReadAction\",\"target\":[\"https:\\\/\\\/veglio.parcoavventura.it\\\/en\\\/birthdays\\\/\"]}]},{\"@type\":\"ImageObject\",\"inLanguage\":\"en-US\",\"@id\":\"https:\\\/\\\/veglio.parcoavventura.it\\\/en\\\/birthdays\\\/#primaryimage\",\"url\":\"https:\\\/\\\/veglio.parcoavventura.it\\\/wp-content\\\/uploads\\\/48527175426_2da57ba219_o.jpg\",\"contentUrl\":\"https:\\\/\\\/veglio.parcoavventura.it\\\/wp-content\\\/uploads\\\/48527175426_2da57ba219_o.jpg\",\"width\":2196,\"height\":1188,\"caption\":\"Look the photos\"},{\"@type\":\"BreadcrumbList\",\"@id\":\"https:\\\/\\\/veglio.parcoavventura.it\\\/en\\\/birthdays\\\/#breadcrumb\",\"itemListElement\":[{\"@type\":\"ListItem\",\"position\":1,\"name\":\"Home\",\"item\":\"https:\\\/\\\/vegliopa.gedinfo.com\\\/\"},{\"@type\":\"ListItem\",\"position\":2,\"name\":\"Birthdays\"}]},{\"@type\":\"WebSite\",\"@id\":\"https:\\\/\\\/vegliopa.gedinfo.com\\\/#website\",\"url\":\"https:\\\/\\\/vegliopa.gedinfo.com\\\/\",\"name\":\"Parco Avventura Veglio\",\"description\":\"A poco pi\u00f9 di un&#039;ora da Milano e da Torino, nelle Alpi Biellesi, il Parco Avventura Veglio \u00e8 il luogo ideale per trascorrere una giornata all&#039;aria aperta.\",\"potentialAction\":[{\"@type\":\"SearchAction\",\"target\":{\"@type\":\"EntryPoint\",\"urlTemplate\":\"https:\\\/\\\/vegliopa.gedinfo.com\\\/?s={search_term_string}\"},\"query-input\":{\"@type\":\"PropertyValueSpecification\",\"valueRequired\":true,\"valueName\":\"search_term_string\"}}],\"inLanguage\":\"en-US\"}]}<\/script>\n<!-- \/ Yoast SEO plugin. -->","yoast_head_json":{"title":"Birthdays - Parco Avventura Veglio","description":"If you\u2019re organizing a birthday party for a group of kids or young guys, then Adventure Park is the place to be!","robots":{"index":"index","follow":"follow","max-snippet":"max-snippet:-1","max-image-preview":"max-image-preview:large","max-video-preview":"max-video-preview:-1"},"canonical":"https:\/\/veglio.parcoavventura.it\/en\/birthdays\/","og_locale":"en_US","og_type":"article","og_title":"Birthdays - Parco Avventura Veglio","og_description":"If you\u2019re organizing a birthday party for a group of kids or young guys, then Adventure Park is the place to be!","og_url":"https:\/\/veglio.parcoavventura.it\/en\/birthdays\/","og_site_name":"Parco Avventura Veglio","article_modified_time":"2021-05-01T14:06:29+00:00","og_image":[{"width":2196,"height":1188,"url":"https:\/\/vegliopa.gedinfo.com\/wp-content\/uploads\/48527175426_2da57ba219_o.jpg","type":"image\/jpeg"}],"twitter_card":"summary_large_image","twitter_misc":{"Est. reading time":"2 minutes"},"schema":{"@context":"https:\/\/schema.org","@graph":[{"@type":"WebPage","@id":"https:\/\/veglio.parcoavventura.it\/en\/birthdays\/","url":"https:\/\/veglio.parcoavventura.it\/en\/birthdays\/","name":"Birthdays - Parco Avventura Veglio","isPartOf":{"@id":"https:\/\/vegliopa.gedinfo.com\/#website"},"primaryImageOfPage":{"@id":"https:\/\/veglio.parcoavventura.it\/en\/birthdays\/#primaryimage"},"image":{"@id":"https:\/\/veglio.parcoavventura.it\/en\/birthdays\/#primaryimage"},"thumbnailUrl":"https:\/\/veglio.parcoavventura.it\/wp-content\/uploads\/48527175426_2da57ba219_o.jpg","datePublished":"2019-03-13T16:22:46+00:00","dateModified":"2021-05-01T14:06:29+00:00","description":"If you\u2019re organizing a birthday party for a group of kids or young guys, then Adventure Park is the place to be!","breadcrumb":{"@id":"https:\/\/veglio.parcoavventura.it\/en\/birthdays\/#breadcrumb"},"inLanguage":"en-US","potentialAction":[{"@type":"ReadAction","target":["https:\/\/veglio.parcoavventura.it\/en\/birthdays\/"]}]},{"@type":"ImageObject","inLanguage":"en-US","@id":"https:\/\/veglio.parcoavventura.it\/en\/birthdays\/#primaryimage","url":"https:\/\/veglio.parcoavventura.it\/wp-content\/uploads\/48527175426_2da57ba219_o.jpg","contentUrl":"https:\/\/veglio.parcoavventura.it\/wp-content\/uploads\/48527175426_2da57ba219_o.jpg","width":2196,"height":1188,"caption":"Look the photos"},{"@type":"BreadcrumbList","@id":"https:\/\/veglio.parcoavventura.it\/en\/birthdays\/#breadcrumb","itemListElement":[{"@type":"ListItem","position":1,"name":"Home","item":"https:\/\/vegliopa.gedinfo.com\/"},{"@type":"ListItem","position":2,"name":"Birthdays"}]},{"@type":"WebSite","@id":"https:\/\/vegliopa.gedinfo.com\/#website","url":"https:\/\/vegliopa.gedinfo.com\/","name":"Parco Avventura Veglio","description":"A poco pi\u00f9 di un&#039;ora da Milano e da Torino, nelle Alpi Biellesi, il Parco Avventura Veglio \u00e8 il luogo ideale per trascorrere una giornata all&#039;aria aperta.","potentialAction":[{"@type":"SearchAction","target":{"@type":"EntryPoint","urlTemplate":"https:\/\/vegliopa.gedinfo.com\/?s={search_term_string}"},"query-input":{"@type":"PropertyValueSpecification","valueRequired":true,"valueName":"search_term_string"}}],"inLanguage":"en-US"}]}},"_links":{"self":[{"href":"https:\/\/veglio.parcoavventura.it\/en\/wp-json\/wp\/v2\/pages\/10338","targetHints":{"allow":["GET"]}}],"collection":[{"href":"https:\/\/veglio.parcoavventura.it\/en\/wp-json\/wp\/v2\/pages"}],"about":[{"href":"https:\/\/veglio.parcoavventura.it\/en\/wp-json\/wp\/v2\/types\/page"}],"author":[{"embeddable":true,"href":"https:\/\/veglio.parcoavventura.it\/en\/wp-json\/wp\/v2\/users\/13"}],"replies":[{"embeddable":true,"href":"https:\/\/veglio.parcoavventura.it\/en\/wp-json\/wp\/v2\/comments?post=10338"}],"version-history":[{"count":8,"href":"https:\/\/veglio.parcoavventura.it\/en\/wp-json\/wp\/v2\/pages\/10338\/revisions"}],"predecessor-version":[{"id":10504,"href":"https:\/\/veglio.parcoavventura.it\/en\/wp-json\/wp\/v2\/pages\/10338\/revisions\/10504"}],"wp:featuredmedia":[{"embeddable":true,"href":"https:\/\/veglio.parcoavventura.it\/en\/wp-json\/wp\/v2\/media\/10340"}],"wp:attachment":[{"href":"https:\/\/veglio.parcoavventura.it\/en\/wp-json\/wp\/v2\/media?parent=10338"}],"curies":[{"name":"wp","href":"https:\/\/api.w.org\/{rel}","templated":true}]}}